{"id":232,"date":"2025-07-21T14:35:27","date_gmt":"2025-07-21T14:35:27","guid":{"rendered":"https:\/\/fundacootep.com\/?page_id=232"},"modified":"2025-07-21T14:35:27","modified_gmt":"2025-07-21T14:35:27","slug":"vision","status":"publish","type":"page","link":"https:\/\/fundacootep.com\/index.php\/vision\/","title":{"rendered":"VISION"},"content":{"rendered":"\n<figure class=\"wp-block-image size-large\"><img loading=\"lazy\" decoding=\"async\" width=\"1024\" height=\"175\" src=\"https:\/\/fundacootep.com\/wp-content\/uploads\/2025\/07\/3-VISION-1024x175.png\" alt=\"\" class=\"wp-image-233\" srcset=\"https:\/\/fundacootep.com\/wp-content\/uploads\/2025\/07\/3-VISION-1024x175.png 1024w, https:\/\/fundacootep.com\/wp-content\/uploads\/2025\/07\/3-VISION-300x51.png 300w, https:\/\/fundacootep.com\/wp-content\/uploads\/2025\/07\/3-VISION-768x131.png 768w, https:\/\/fundacootep.com\/wp-content\/uploads\/2025\/07\/3-VISION.png 1298w\" sizes=\"auto, (max-width: 1024px) 100vw, 1024px\" \/><\/figure>\n\n\n\n<p><strong><em>Ser una organizaci\u00f3n l\u00edder en el desarrollo social a nivel nacional e internacional, mediante la gesti\u00f3n de proyectos, programas y actividades orientadas al desarrollo de los asociados y la sociedad, con un talento humano id\u00f3neo e innovando en nuestros procesos.<\/em><\/strong><\/p>\n","protected":false},"excerpt":{"rendered":"<p>Ser una organizaci\u00f3n l\u00edder en el desarrollo social a nivel nacional e internacional, mediante la gesti\u00f3n de proyectos, programas y actividades orientadas al desarrollo de los asociados y la sociedad,&hellip;<\/p>\n","protected":false},"author":1,"featured_media":0,"parent":0,"menu_order":0,"comment_status":"closed","ping_status":"closed","template":"","meta":{"_themeisle_gutenberg_block_has_review":false,"footnotes":""},"class_list":["post-232","page","type-page","status-publish","hentry"],"_links":{"self":[{"href":"https:\/\/fundacootep.com\/index.php\/wp-json\/wp\/v2\/pages\/232","targetHints":{"allow":["GET"]}}],"collection":[{"href":"https:\/\/fundacootep.com\/index.php\/wp-json\/wp\/v2\/pages"}],"about":[{"href":"https:\/\/fundacootep.com\/index.php\/wp-json\/wp\/v2\/types\/page"}],"author":[{"embeddable":true,"href":"https:\/\/fundacootep.com\/index.php\/wp-json\/wp\/v2\/users\/1"}],"replies":[{"embeddable":true,"href":"https:\/\/fundacootep.com\/index.php\/wp-json\/wp\/v2\/comments?post=232"}],"version-history":[{"count":1,"href":"https:\/\/fundacootep.com\/index.php\/wp-json\/wp\/v2\/pages\/232\/revisions"}],"predecessor-version":[{"id":234,"href":"https:\/\/fundacootep.com\/index.php\/wp-json\/wp\/v2\/pages\/232\/revisions\/234"}],"wp:attachment":[{"href":"https:\/\/fundacootep.com\/index.php\/wp-json\/wp\/v2\/media?parent=232"}],"curies":[{"name":"wp","href":"https:\/\/api.w.org\/{rel}","templated":true}]}}