{"id":224,"date":"2025-07-21T14:22:12","date_gmt":"2025-07-21T14:22:12","guid":{"rendered":"https:\/\/fundacootep.com\/?page_id=224"},"modified":"2025-07-21T14:22:12","modified_gmt":"2025-07-21T14:22:12","slug":"presentacion","status":"publish","type":"page","link":"https:\/\/fundacootep.com\/index.php\/presentacion\/","title":{"rendered":"PRESENTACION"},"content":{"rendered":"\n<figure class=\"wp-block-image size-large\"><img loading=\"lazy\" decoding=\"async\" width=\"1024\" height=\"109\" src=\"https:\/\/fundacootep.com\/wp-content\/uploads\/2025\/07\/qqqqq-1-1024x109.png\" alt=\"\" class=\"wp-image-226\" srcset=\"https:\/\/fundacootep.com\/wp-content\/uploads\/2025\/07\/qqqqq-1-1024x109.png 1024w, https:\/\/fundacootep.com\/wp-content\/uploads\/2025\/07\/qqqqq-1-300x32.png 300w, https:\/\/fundacootep.com\/wp-content\/uploads\/2025\/07\/qqqqq-1-768x82.png 768w, https:\/\/fundacootep.com\/wp-content\/uploads\/2025\/07\/qqqqq-1.png 1147w\" sizes=\"auto, (max-width: 1024px) 100vw, 1024px\" \/><\/figure>\n\n\n\n<figure class=\"wp-block-image size-full\"><img loading=\"lazy\" decoding=\"async\" width=\"954\" height=\"178\" src=\"https:\/\/fundacootep.com\/wp-content\/uploads\/2025\/07\/1-Quienes-somos.png\" alt=\"\" class=\"wp-image-227\" srcset=\"https:\/\/fundacootep.com\/wp-content\/uploads\/2025\/07\/1-Quienes-somos.png 954w, https:\/\/fundacootep.com\/wp-content\/uploads\/2025\/07\/1-Quienes-somos-300x56.png 300w, https:\/\/fundacootep.com\/wp-content\/uploads\/2025\/07\/1-Quienes-somos-768x143.png 768w\" sizes=\"auto, (max-width: 954px) 100vw, 954px\" \/><\/figure>\n\n\n\n<p><strong><em>Somos una organizaci\u00f3n sin \u00e1nimo de lucro, constituida el 10 de diciembre de 2014, con sede principal en Municipio de Mocoa, Departamento del Putumayo, creada con el fin de construir escenarios que contribuyan al mejoramiento de condiciones sociales de la poblaci\u00f3n asociada a Cootep Ltda. y a la comunidad en general.<\/em><\/strong><strong><\/strong><\/p>\n\n\n\n<p><strong><em>Promoviendo el desarrollo social mediante programas y proyectos de cultura, educaci\u00f3n, deporte y las dem\u00e1s que est\u00e1n enmarcadas dentro de los par\u00e1metros de igualdad y libertad seg\u00fan la legislaci\u00f3n nacional.<\/em><\/strong><strong><\/strong><\/p>\n\n\n\n<p><strong><em>Adem\u00e1s de crear y proteger espacios de convivencia social, evitando toda clase de discriminaci\u00f3n y maltrato, generando hechos y actos que promuevan y consoliden la aplicaci\u00f3n del derecho internacional humanitario.<\/em><\/strong><strong><\/strong><\/p>\n","protected":false},"excerpt":{"rendered":"<p>Somos una organizaci\u00f3n sin \u00e1nimo de lucro, constituida el 10 de diciembre de 2014, con sede principal en Municipio de Mocoa, Departamento del Putumayo, creada con el fin de construir&hellip;<\/p>\n","protected":false},"author":1,"featured_media":0,"parent":0,"menu_order":0,"comment_status":"closed","ping_status":"closed","template":"","meta":{"_themeisle_gutenberg_block_has_review":false,"footnotes":""},"class_list":["post-224","page","type-page","status-publish","hentry"],"_links":{"self":[{"href":"https:\/\/fundacootep.com\/index.php\/wp-json\/wp\/v2\/pages\/224","targetHints":{"allow":["GET"]}}],"collection":[{"href":"https:\/\/fundacootep.com\/index.php\/wp-json\/wp\/v2\/pages"}],"about":[{"href":"https:\/\/fundacootep.com\/index.php\/wp-json\/wp\/v2\/types\/page"}],"author":[{"embeddable":true,"href":"https:\/\/fundacootep.com\/index.php\/wp-json\/wp\/v2\/users\/1"}],"replies":[{"embeddable":true,"href":"https:\/\/fundacootep.com\/index.php\/wp-json\/wp\/v2\/comments?post=224"}],"version-history":[{"count":1,"href":"https:\/\/fundacootep.com\/index.php\/wp-json\/wp\/v2\/pages\/224\/revisions"}],"predecessor-version":[{"id":228,"href":"https:\/\/fundacootep.com\/index.php\/wp-json\/wp\/v2\/pages\/224\/revisions\/228"}],"wp:attachment":[{"href":"https:\/\/fundacootep.com\/index.php\/wp-json\/wp\/v2\/media?parent=224"}],"curies":[{"name":"wp","href":"https:\/\/api.w.org\/{rel}","templated":true}]}}