{"id":190,"date":"2025-07-20T04:04:25","date_gmt":"2025-07-20T04:04:25","guid":{"rendered":"https:\/\/fundacootep.com\/?page_id=190"},"modified":"2025-07-24T22:27:43","modified_gmt":"2025-07-24T22:27:43","slug":"nosotros","status":"publish","type":"page","link":"https:\/\/fundacootep.com\/index.php\/nosotros\/","title":{"rendered":"Nosotros"},"content":{"rendered":"\n<p class=\"has-text-align-center\"><\/p>\n\n\n\n<h1 class=\"wp-block-heading\"><mark style=\"background-color:rgba(0, 0, 0, 0)\" class=\"has-inline-color has-vivid-green-cyan-color\">Misi\u00f3n<\/mark><\/h1>\n\n\n\n<p class=\"has-text-align-center\"><strong>Somos una organizaci\u00f3n sin \u00e1nimo de lucro orientada a generar un entorno de bienestar social a nuestros asociados y comunidad en general a nivel regional y nacional, mediante la gesti\u00f3n de programas y proyectos de cooperaci\u00f3n interinstitucional para promover una sociedad inclusiva y en igualdad de oportunidades.<\/strong><\/p>\n\n\n\n<figure class=\"wp-block-image size-full is-style-rounded\"><img loading=\"lazy\" decoding=\"async\" width=\"919\" height=\"215\" src=\"https:\/\/fundacootep.com\/wp-content\/uploads\/2025\/07\/2-MISION.png\" alt=\"\" class=\"wp-image-230\" srcset=\"https:\/\/fundacootep.com\/wp-content\/uploads\/2025\/07\/2-MISION.png 919w, https:\/\/fundacootep.com\/wp-content\/uploads\/2025\/07\/2-MISION-300x70.png 300w, https:\/\/fundacootep.com\/wp-content\/uploads\/2025\/07\/2-MISION-768x180.png 768w\" sizes=\"auto, (max-width: 919px) 100vw, 919px\" \/><\/figure>\n\n\n\n<h1 class=\"wp-block-heading\"><mark style=\"background-color:rgba(0, 0, 0, 0)\" class=\"has-inline-color has-vivid-green-cyan-color\">Visi\u00f3n<\/mark><\/h1>\n\n\n\n<p class=\"has-text-align-center\"><strong>Ser una organizaci\u00f3n l\u00edder en el desarrollo social a nivel nacional e internacional, mediante la gesti\u00f3n de proyectos, programas y actividades orientadas al desarrollo de los asociados y la sociedad, con un talento humano id\u00f3neo e innovando en nuestros procesos.<\/strong><\/p>\n\n\n\n<figure class=\"wp-block-gallery has-nested-images columns-default is-cropped wp-block-gallery-1 is-layout-flex wp-block-gallery-is-layout-flex\">\n<figure class=\"wp-block-image size-large is-style-rounded\"><img loading=\"lazy\" decoding=\"async\" width=\"1024\" height=\"175\" data-id=\"233\" src=\"https:\/\/fundacootep.com\/wp-content\/uploads\/2025\/07\/3-VISION-1024x175.png\" alt=\"\" class=\"wp-image-233\" srcset=\"https:\/\/fundacootep.com\/wp-content\/uploads\/2025\/07\/3-VISION-1024x175.png 1024w, https:\/\/fundacootep.com\/wp-content\/uploads\/2025\/07\/3-VISION-300x51.png 300w, https:\/\/fundacootep.com\/wp-content\/uploads\/2025\/07\/3-VISION-768x131.png 768w, https:\/\/fundacootep.com\/wp-content\/uploads\/2025\/07\/3-VISION.png 1298w\" sizes=\"auto, (max-width: 1024px) 100vw, 1024px\" \/><\/figure>\n<\/figure>\n\n\n\n<h1 class=\"wp-block-heading\"><mark style=\"background-color:rgba(0, 0, 0, 0)\" class=\"has-inline-color has-vivid-green-cyan-color\">Nuestros Servicios<\/mark><\/h1>\n\n\n\n<p><strong>Programa de Econom\u00eda Solidaria:<\/strong> comprender los conceptos b\u00e1sicos de las organizaciones de la Econom\u00eda Solidaria, sus estructuras organizativas y normatividad legal aplicable, para la generaci\u00f3n de herramientas alternativas a la soluci\u00f3n de problemas sociales y oportunidades de desarrollo empresarial.<\/p>\n\n\n\n<p><strong>Programa de Proyecto Empresarial y Productivo: <\/strong>Fortalecer las competencias del emprendedor solidario para realizar el estudio de factibilidad en la creaci\u00f3n de proyectos productivos solidarios, como herramienta en la innovaci\u00f3n de organizaciones solidarias y competitivas, con responsabilidad social orientada a sus asociados y dem\u00e1s partes interesadas en el contexto.<\/p>\n\n\n\n<p><strong>Dise\u00f1o, implementaci\u00f3n y monitoreo de Programas y proyectos Sociales:<\/strong> Se dise\u00f1an los programas y proyectos sociales para el mejoramiento de calidad de vida de los asociados y comunidad en general, los cuales se implementan con cofinanciaci\u00f3n de aliados estrat\u00e9gicos y recursos de cooperaci\u00f3n internacional.<\/p>\n","protected":false},"excerpt":{"rendered":"<p>Misi\u00f3n Somos una organizaci\u00f3n sin \u00e1nimo de lucro orientada a generar un entorno de bienestar social a nuestros asociados y comunidad en general a nivel regional y nacional, mediante la&hellip;<\/p>\n","protected":false},"author":1,"featured_media":0,"parent":0,"menu_order":0,"comment_status":"closed","ping_status":"closed","template":"","meta":{"_themeisle_gutenberg_block_has_review":false,"footnotes":""},"class_list":["post-190","page","type-page","status-publish","hentry"],"_links":{"self":[{"href":"https:\/\/fundacootep.com\/index.php\/wp-json\/wp\/v2\/pages\/190","targetHints":{"allow":["GET"]}}],"collection":[{"href":"https:\/\/fundacootep.com\/index.php\/wp-json\/wp\/v2\/pages"}],"about":[{"href":"https:\/\/fundacootep.com\/index.php\/wp-json\/wp\/v2\/types\/page"}],"author":[{"embeddable":true,"href":"https:\/\/fundacootep.com\/index.php\/wp-json\/wp\/v2\/users\/1"}],"replies":[{"embeddable":true,"href":"https:\/\/fundacootep.com\/index.php\/wp-json\/wp\/v2\/comments?post=190"}],"version-history":[{"count":11,"href":"https:\/\/fundacootep.com\/index.php\/wp-json\/wp\/v2\/pages\/190\/revisions"}],"predecessor-version":[{"id":2133,"href":"https:\/\/fundacootep.com\/index.php\/wp-json\/wp\/v2\/pages\/190\/revisions\/2133"}],"wp:attachment":[{"href":"https:\/\/fundacootep.com\/index.php\/wp-json\/wp\/v2\/media?parent=190"}],"curies":[{"name":"wp","href":"https:\/\/api.w.org\/{rel}","templated":true}]}}